{"id":818,"date":"2024-08-13T12:32:25","date_gmt":"2024-08-13T10:32:25","guid":{"rendered":"https:\/\/premios.asociacionpodcast.es\/?page_id=818"},"modified":"2025-10-07T11:48:16","modified_gmt":"2025-10-07T09:48:16","slug":"1-pagina-bienvenida-premios-asociacion","status":"publish","type":"page","link":"https:\/\/premios.asociacionpodcast.es\/","title":{"rendered":"Premios Asociaci\u00f3n Podcast de Espa\u00f1a"},"content":{"rendered":"\n<hr class=\"wp-block-separator has-alpha-channel-opacity\"\/>\n\n\n\n<h2 class=\"wp-block-heading has-text-align-center has-large-font-size\">Podcasters, esta es vuestra casa.<\/h2>\n\n\n\n<h2 class=\"wp-block-heading has-text-align-center\">Como socio ya puedes votar en la final a tus podcast favoritos<\/h2>\n\n\n\n<div class=\"wp-block-buttons is-content-justification-center is-layout-flex wp-container-1 wp-block-buttons-is-layout-flex\">\n<div class=\"wp-block-button\"><a class=\"wp-block-button__link wp-element-button\" href=\"https:\/\/asociacionpodcast.es\/votacion-final-xv-por-categorias-premios-de-la-asociacion-podcast-edicion-2025\/\">VOTACIONES<\/a><\/div>\n<\/div>\n\n\n\n<hr class=\"wp-block-separator has-alpha-channel-opacity\"\/>\n\n\n\n<h3 class=\"wp-block-heading\" id=\"seacercanlasjpodenterrassacomienzalacuentaatrsparalaedicinxv\">\ud83c\udf99\ufe0f \u00a1Se acercan las Jpod en Terrassa! Comienza la cuenta atr\u00e1s para la edici\u00f3n XV<\/h3>\n\n\n\n<p>La emoci\u00f3n vuelve a recorrer las ondas: las&nbsp;<strong>Jornadas de Podcasting (Jpod)<\/strong>&nbsp;celebran su&nbsp;<strong>decimoquinta edici\u00f3n<\/strong>&nbsp;y este a\u00f1o la ciudad anfitriona ser\u00e1&nbsp;<strong>Terrassa<\/strong>, un enclave con historia, cultura y una vibrante comunidad podcastera que ya est\u00e1 calentando motores para recibirnos.<\/p>\n\n\n\n<p>Durante a\u00f1os, las Jpod se han consolidado como el evento de referencia para creadores, oyentes, plataformas y profesionales del podcasting en espa\u00f1ol. Un espacio donde compartir experiencias, aprender, descubrir nuevos proyectos y, sobre todo, celebrar juntos la pasi\u00f3n por el audio.<\/p>\n\n\n\n<hr class=\"wp-block-separator has-alpha-channel-opacity\"\/>\n\n\n\n<h3 class=\"wp-block-heading\" id=\"qunosesperaenestaedicin\">\ud83d\uddd3\ufe0f \u00bfQu\u00e9 nos espera en esta edici\u00f3n?<\/h3>\n\n\n\n<p>La edici\u00f3n XV promete ser especial. Adem\u00e1s de las tradicionales mesas redondas, talleres, grabaciones en directo y espacios de networking, este a\u00f1o se pondr\u00e1 un \u00e9nfasis especial en la&nbsp;<strong>evoluci\u00f3n del podcasting independiente<\/strong>, la&nbsp;<strong>innovaci\u00f3n tecnol\u00f3gica<\/strong>&nbsp;y el&nbsp;<strong>papel de las comunidades<\/strong>&nbsp;en la difusi\u00f3n de contenidos.<\/p>\n\n\n\n<p>Y como no pod\u00eda faltar, tambi\u00e9n se celebrar\u00e1 la esperada&nbsp;<strong>gala de entrega de premios<\/strong>, un momento clave para reconocer el talento, la constancia y la creatividad de quienes hacen del podcast un medio cada vez m\u00e1s influyente.<\/p>\n\n\n\n<hr class=\"wp-block-separator has-alpha-channel-opacity\"\/>\n\n\n\n<h3 class=\"wp-block-heading\" id=\"premiosjpodxvabreninscripcionesyvotaciones\">\ud83c\udfc6 Premios Jpod XV: \u00a1Abren inscripciones y votaciones!<\/h3>\n\n\n\n<p>Con la llegada de esta nueva edici\u00f3n, se abre tambi\u00e9n el plazo para participar en los&nbsp;<strong>Premios Jpod XV<\/strong>. A partir de esta semana, los podcasters podr\u00e1n&nbsp;<strong>inscribir sus programas<\/strong>&nbsp;en las distintas categor\u00edas habilitadas, y los oyentes tendr\u00e1n la oportunidad de&nbsp;<strong>votar por sus favoritos<\/strong>.<\/p>\n\n\n\n<p>Los premios buscan destacar lo mejor del a\u00f1o en el mundo del podcasting, desde las producciones m\u00e1s innovadoras hasta las voces m\u00e1s queridas por la audiencia. Muy pronto se publicar\u00e1n las bases, categor\u00edas y fechas clave, as\u00ed que\u2026 \u00a1estad atentos!<\/p>\n\n\n\n<hr class=\"wp-block-separator has-alpha-channel-opacity\"\/>\n\n\n\n<h3 class=\"wp-block-heading\" id=\"cmoparticipar\">\ud83d\udccd \u00bfC\u00f3mo participar?<\/h3>\n\n\n\n<ul>\n<li><strong>Inscripciones<\/strong>: Si tienes un podcast, podr\u00e1s inscribirlo en las categor\u00edas correspondientes a trav\u00e9s del formulario oficial que se habilitar\u00e1 en la web de las Jpod.<\/li>\n\n\n\n<li><strong>Votaciones<\/strong>: Todos los oyentes podr\u00e1n votar por sus podcasts favoritos una vez se cierre el periodo de inscripciones. La participaci\u00f3n es abierta y gratuita.<\/li>\n\n\n\n<li><strong>Asistencia al evento<\/strong>: Las entradas para asistir a las Jpod en Terrassa estar\u00e1n disponibles muy pronto. No te pierdas la oportunidad de vivir esta experiencia en persona.<\/li>\n<\/ul>\n\n\n\n<hr class=\"wp-block-separator has-alpha-channel-opacity\"\/>\n\n\n\n<h3 class=\"wp-block-heading\" id=\"sigueconectado\">\ud83d\udce3 \u00a1Sigue conectado!<\/h3>\n\n\n\n<p>Para no perderte ninguna novedad, te recomendamos seguir los canales oficiales de la organizaci\u00f3n y sus redes sociales. Tambi\u00e9n puedes suscribirte a la newsletter para recibir directamente en tu correo toda la informaci\u00f3n sobre actividades, invitados, horarios y m\u00e1s.<\/p>\n\n\n\n<hr class=\"wp-block-separator has-alpha-channel-opacity\"\/>\n\n\n\n<p><strong>\u00a1Nos vemos en Terrassa!<\/strong><br>La comunidad podcastera se prepara para celebrar, compartir y seguir creciendo.<br>\u00bfEst\u00e1s listo para formar parte de la historia del podcasting?<\/p>\n\n\n\n<hr class=\"wp-block-separator has-alpha-channel-opacity\"\/>\n\n\n\n<div class=\"wp-block-columns is-layout-flex wp-container-7 wp-block-columns-is-layout-flex\">\n<div class=\"wp-block-column is-layout-flow wp-block-column-is-layout-flow\">\n<figure class=\"wp-block-gallery has-nested-images columns-default is-cropped wp-block-gallery-2 is-layout-flex wp-block-gallery-is-layout-flex\"><div class=\"wp-block-image\">\n<figure class=\"alignleft size-full\"><img decoding=\"async\" loading=\"lazy\" width=\"512\" height=\"512\" src=\"https:\/\/premios.asociacionpodcast.es\/wp-content\/uploads\/2025\/08\/icono-asociacion-podcast.png\" alt=\"\" class=\"wp-image-1265\" srcset=\"https:\/\/premios.asociacionpodcast.es\/wp-content\/uploads\/2025\/08\/icono-asociacion-podcast.png 512w, https:\/\/premios.asociacionpodcast.es\/wp-content\/uploads\/2025\/08\/icono-asociacion-podcast-300x300.png 300w, https:\/\/premios.asociacionpodcast.es\/wp-content\/uploads\/2025\/08\/icono-asociacion-podcast-150x150.png 150w\" sizes=\"(max-width: 512px) 100vw, 512px\" \/><\/figure><\/div><\/figure>\n<\/div>\n\n\n\n<div class=\"wp-block-column is-vertically-aligned-center is-layout-flow wp-block-column-is-layout-flow\">\n<h2 class=\"wp-block-heading\">XV Edici\u00f3n Premios de la Asociaci\u00f3n Podcast<\/h2>\n\n\n\n<p>En la&nbsp;<strong>XIV Edici\u00f3n<\/strong>&nbsp;se introdujeron nuevas bases, fases y categor\u00edas con el objetivo de hacer el proceso&nbsp;<strong>m\u00e1s claro, justo y diverso<\/strong>. Gracias a la buena acogida por parte de la comunidad, en esta&nbsp;<strong>XV Edici\u00f3n<\/strong>&nbsp;se mantendr\u00e1n&nbsp;<strong>esas mismas bases<\/strong>, garantizando as\u00ed una experiencia familiar para quienes ya participaron, y accesible para quienes lo hacen por primera vez.<\/p>\n\n\n\n<p>As\u00ed que si ya conoces el sistema, \u00a1no tendr\u00e1s sorpresas! Y si es tu primera vez, encontrar\u00e1s un proceso sencillo y transparente para inscribir tu podcast y participar en las votaciones.<\/p>\n\n\n\n<p>Te animamos a dos cosas:<\/p>\n\n\n\n<ul>\n<li><strong>Revisar las bases<\/strong>&nbsp;de los Premios Jpod XV, que siguen vigentes desde la edici\u00f3n anterior.<\/li>\n\n\n\n<li><strong>Inscribir tu podcast<\/strong>&nbsp;y que la fuerza te acompa\u00f1e.<\/li>\n<\/ul>\n\n\n\n<div class=\"wp-block-buttons is-content-justification-center is-layout-flex wp-container-5 wp-block-buttons-is-layout-flex\">\n<div class=\"wp-block-button\"><a class=\"wp-block-button__link wp-element-button\"><strong><strong>INSCRIPCI\u00d3N 202<\/strong><\/strong>5<\/a><\/div>\n<\/div>\n<\/div>\n<\/div>\n\n\n\n<hr class=\"wp-block-separator has-alpha-channel-opacity\"\/>\n\n\n\n<div class=\"wp-block-buttons is-content-justification-center is-layout-flex wp-container-8 wp-block-buttons-is-layout-flex\">\n<div class=\"wp-block-button has-custom-width wp-block-button__width-50 has-custom-font-size is-style-primary has-large-font-size\"><a class=\"wp-block-button__link wp-element-button\" href=\"https:\/\/asociacionpodcast.es\/\" style=\"border-width:9px;border-radius:25px;padding-top:var(--wp--preset--spacing--50);padding-right:var(--wp--preset--spacing--50);padding-bottom:var(--wp--preset--spacing--50);padding-left:var(--wp--preset--spacing--50)\" target=\"_blank\" rel=\"noreferrer noopener\">Hazte Socio o Simpatizante<\/a><\/div>\n<\/div>\n\n\n\n<hr class=\"wp-block-separator has-alpha-channel-opacity\"\/>\n\n\n\n<div class=\"wp-block-media-text is-stacked-on-mobile is-vertically-aligned-center\" style=\"grid-template-columns:15% auto\"><figure class=\"wp-block-media-text__media\"><img decoding=\"async\" loading=\"lazy\" width=\"2560\" height=\"2560\" src=\"https:\/\/premios.asociacionpodcast.es\/wp-content\/uploads\/2024\/07\/sl_z_072523_61700_01-scaled.jpg\" alt=\"Logo de X.com\" class=\"wp-image-822 size-full\" srcset=\"https:\/\/premios.asociacionpodcast.es\/wp-content\/uploads\/2024\/07\/sl_z_072523_61700_01-scaled.jpg 2560w, https:\/\/premios.asociacionpodcast.es\/wp-content\/uploads\/2024\/07\/sl_z_072523_61700_01-300x300.jpg 300w, https:\/\/premios.asociacionpodcast.es\/wp-content\/uploads\/2024\/07\/sl_z_072523_61700_01-1024x1024.jpg 1024w, https:\/\/premios.asociacionpodcast.es\/wp-content\/uploads\/2024\/07\/sl_z_072523_61700_01-150x150.jpg 150w, https:\/\/premios.asociacionpodcast.es\/wp-content\/uploads\/2024\/07\/sl_z_072523_61700_01-768x768.jpg 768w, https:\/\/premios.asociacionpodcast.es\/wp-content\/uploads\/2024\/07\/sl_z_072523_61700_01-1536x1536.jpg 1536w, https:\/\/premios.asociacionpodcast.es\/wp-content\/uploads\/2024\/07\/sl_z_072523_61700_01-2048x2048.jpg 2048w\" sizes=\"(max-width: 2560px) 100vw, 2560px\" \/><\/figure><div class=\"wp-block-media-text__content\">\n<p class=\"has-text-align-center has-nv-light-bg-background-color has-background has-large-font-size\"><a href=\"http:\/\/www.x.com\/asociapodcast\" data-type=\"link\" data-id=\"http:\/\/www.x.com\/asociapodcast\" target=\"_blank\" rel=\"noreferrer noopener\">S\u00edguenos en X.COM<\/a><\/p>\n<\/div><\/div>\n\n\n\n<div class=\"wp-block-media-text is-stacked-on-mobile is-vertically-aligned-center\" style=\"grid-template-columns:15% auto\"><figure class=\"wp-block-media-text__media\"><img decoding=\"async\" loading=\"lazy\" width=\"1471\" height=\"1471\" src=\"https:\/\/premios.asociacionpodcast.es\/wp-content\/uploads\/2024\/07\/330685-P9SESK-66-edited.jpg\" alt=\"Logo Youtube\" class=\"wp-image-830 size-full\" srcset=\"https:\/\/premios.asociacionpodcast.es\/wp-content\/uploads\/2024\/07\/330685-P9SESK-66-edited.jpg 1471w, https:\/\/premios.asociacionpodcast.es\/wp-content\/uploads\/2024\/07\/330685-P9SESK-66-edited-300x300.jpg 300w, https:\/\/premios.asociacionpodcast.es\/wp-content\/uploads\/2024\/07\/330685-P9SESK-66-edited-1024x1024.jpg 1024w, https:\/\/premios.asociacionpodcast.es\/wp-content\/uploads\/2024\/07\/330685-P9SESK-66-edited-150x150.jpg 150w, https:\/\/premios.asociacionpodcast.es\/wp-content\/uploads\/2024\/07\/330685-P9SESK-66-edited-768x768.jpg 768w\" sizes=\"(max-width: 1471px) 100vw, 1471px\" \/><\/figure><div class=\"wp-block-media-text__content\">\n<p class=\"has-text-align-center has-nv-light-bg-background-color has-background has-large-font-size\"><a href=\"https:\/\/www.youtube.com\/@asopodcast\" data-type=\"link\" data-id=\"https:\/\/www.youtube.com\/@asopodcast\" target=\"_blank\" rel=\"noreferrer noopener\">S\u00edguenos en YouTube.com<\/a><\/p>\n<\/div><\/div>\n","protected":false},"excerpt":{"rendered":"<p>Podcasters, esta es vuestra casa. Como socio ya puedes votar en la final a tus podcast favoritos \ud83c\udf99\ufe0f \u00a1Se acercan las Jpod en Terrassa! Comienza la cuenta atr\u00e1s para la edici\u00f3n XV La emoci\u00f3n vuelve a recorrer las ondas: las&nbsp;Jornadas de Podcasting (Jpod)&nbsp;celebran su&nbsp;decimoquinta edici\u00f3n&nbsp;y este a\u00f1o la ciudad anfitriona ser\u00e1&nbsp;Terrassa, un enclave con historia,&hellip;&nbsp;<a href=\"https:\/\/premios.asociacionpodcast.es\/\" rel=\"bookmark\">Leer m\u00e1s &raquo;<span class=\"screen-reader-text\">Premios Asociaci\u00f3n Podcast de Espa\u00f1a<\/span><\/a><\/p>\n","protected":false},"author":1,"featured_media":0,"parent":0,"menu_order":0,"comment_status":"closed","ping_status":"closed","template":"","meta":{"neve_meta_sidebar":"full-width","neve_meta_container":"contained","neve_meta_enable_content_width":"on","neve_meta_content_width":70,"neve_meta_title_alignment":"center","neve_meta_author_avatar":"","neve_post_elements_order":"","neve_meta_disable_header":"off","neve_meta_disable_footer":"off","neve_meta_disable_title":"on","footnotes":""},"_links":{"self":[{"href":"https:\/\/premios.asociacionpodcast.es\/index.php\/wp-json\/wp\/v2\/pages\/818"}],"collection":[{"href":"https:\/\/premios.asociacionpodcast.es\/index.php\/wp-json\/wp\/v2\/pages"}],"about":[{"href":"https:\/\/premios.asociacionpodcast.es\/index.php\/wp-json\/wp\/v2\/types\/page"}],"author":[{"embeddable":true,"href":"https:\/\/premios.asociacionpodcast.es\/index.php\/wp-json\/wp\/v2\/users\/1"}],"replies":[{"embeddable":true,"href":"https:\/\/premios.asociacionpodcast.es\/index.php\/wp-json\/wp\/v2\/comments?post=818"}],"version-history":[{"count":50,"href":"https:\/\/premios.asociacionpodcast.es\/index.php\/wp-json\/wp\/v2\/pages\/818\/revisions"}],"predecessor-version":[{"id":1581,"href":"https:\/\/premios.asociacionpodcast.es\/index.php\/wp-json\/wp\/v2\/pages\/818\/revisions\/1581"}],"wp:attachment":[{"href":"https:\/\/premios.asociacionpodcast.es\/index.php\/wp-json\/wp\/v2\/media?parent=818"}],"curies":[{"name":"wp","href":"https:\/\/api.w.org\/{rel}","templated":true}]}}