{"id":808,"date":"2024-08-13T12:45:18","date_gmt":"2024-08-13T10:45:18","guid":{"rendered":"https:\/\/premios.asociacionpodcast.es\/?page_id=808"},"modified":"2024-09-08T10:54:17","modified_gmt":"2024-09-08T08:54:17","slug":"5-inscripcion-2024-falta-revisar","status":"publish","type":"page","link":"https:\/\/premios.asociacionpodcast.es\/index.php\/5-inscripcion-2024-falta-revisar\/","title":{"rendered":"INSCRIPCI\u00d3N 2024"},"content":{"rendered":"\n<p class=\"has-text-align-left\"><strong>INSCRIPCI\u00d3N PODCAST CATEGOR\u00cdAS GENERALES 2024<\/strong><\/p>\n\n\n\n<p>Aqu\u00ed podr\u00e1s inscribir tu podcast en una de las categor\u00edas que consideres que se ajusta m\u00e1s a la tem\u00e1tica que trata tu programa. <\/p>\n\n\n\n<p>Recomendamos leer todos los campos antes de rellenar el formulario. En caso de querer inscribir tu programa, pulsa sobre el bot\u00f3n de \u00abINSCRIPCI\u00d3N 2024\u00bb y facil\u00edtanos tus datos y los de tu podcast.<\/p>\n\n\n\n<div class=\"wp-block-buttons alignwide has-custom-font-size has-large-font-size is-content-justification-center is-layout-flex wp-container-1 wp-block-buttons-is-layout-flex\">\n<div class=\"wp-block-button has-custom-width wp-block-button__width-50\"><a class=\"wp-block-button__link wp-element-button\"><strong>Plazo de inscripci\u00f3n agotado<\/strong><\/a><\/div>\n<\/div>\n\n\n\n<p><\/p>\n\n\n\n<h2 class=\"wp-block-heading has-large-font-size\">Es necesario que nos env\u00edes lo siguiente:<\/h2>\n\n\n\n<ul>\n<li><strong>Para la inscripci\u00f3n en cualquier categor\u00eda:<\/strong>\n<ul>\n<li>Rellenar el formulario de inscripci\u00f3n con todos los datos, sin excepci\u00f3n.<\/li>\n<\/ul>\n<\/li>\n\n\n\n<li>Para la inscripci\u00f3n a Podcast Revelaci\u00f3n:\n<ul>\n<li> Haber publicado al menos 6 episodios y que el primer programa haya sido emitido entre el 1 de agosto de 2023 al 30 de junio de 2024<\/li>\n\n\n\n<li>240 minutos publicados.<\/li>\n\n\n\n<li>Marcar la casilla de Podcast Revelaci\u00f3n.<\/li>\n<\/ul>\n<\/li>\n<\/ul>\n\n\n\n<p><\/p>\n\n\n\n<h2 class=\"wp-block-heading has-large-font-size\">Categor\u00edas para inscripci\u00f3n de Podcast<\/h2>\n\n\n\n<ul id=\"wpforms-3075-field_18\">\n<li>Actualidad y sociedad<\/li>\n\n\n\n<li>Salud y deporte<\/li>\n\n\n\n<li>Cultura y ciencia<\/li>\n\n\n\n<li>Ocio y aficiones<\/li>\n\n\n\n<li>Misterio, cr\u00f3nica negra y true crime<\/li>\n\n\n\n<li>Tecnolog\u00eda y marketing<\/li>\n\n\n\n<li>Humor y comedia<\/li>\n\n\n\n<li>Ficci\u00f3n sonora \/ Audiorelatos<\/li>\n<\/ul>\n\n\n\n<div class=\"wp-block-group is-layout-constrained wp-block-group-is-layout-constrained\"><div class=\"wp-block-group__inner-container\">\n<div class=\"wp-block-group is-layout-constrained wp-block-group-is-layout-constrained\"><div class=\"wp-block-group__inner-container\">\n<div class=\"wp-block-buttons alignwide is-content-justification-center is-layout-flex wp-container-2 wp-block-buttons-is-layout-flex\">\n<div class=\"wp-block-button has-custom-width wp-block-button__width-50 has-custom-font-size is-style-default has-large-font-size\"><a class=\"wp-block-button__link wp-element-button\" href=\"https:\/\/forms.gle\/ccfTmLrYpuZ26Q4R7\" target=\"_blank\" rel=\"noreferrer noopener\"><strong>INSCRIPCI\u00d3N 2024<\/strong><\/a><\/div>\n<\/div>\n<\/div><\/div>\n<\/div><\/div>\n\n\n\n<p><\/p>\n","protected":false},"excerpt":{"rendered":"<p>INSCRIPCI\u00d3N PODCAST CATEGOR\u00cdAS GENERALES 2024 Aqu\u00ed podr\u00e1s inscribir tu podcast en una de las categor\u00edas que consideres que se ajusta m\u00e1s a la tem\u00e1tica que trata tu programa. Recomendamos leer todos los campos antes de rellenar el formulario. En caso de querer inscribir tu programa, pulsa sobre el bot\u00f3n de \u00abINSCRIPCI\u00d3N 2024\u00bb y facil\u00edtanos tus&hellip;&nbsp;<a href=\"https:\/\/premios.asociacionpodcast.es\/index.php\/5-inscripcion-2024-falta-revisar\/\" rel=\"bookmark\">Leer m\u00e1s &raquo;<span class=\"screen-reader-text\">INSCRIPCI\u00d3N 2024<\/span><\/a><\/p>\n","protected":false},"author":1,"featured_media":0,"parent":0,"menu_order":0,"comment_status":"closed","ping_status":"closed","template":"","meta":{"neve_meta_sidebar":"","neve_meta_container":"","neve_meta_enable_content_width":"","neve_meta_content_width":0,"neve_meta_title_alignment":"","neve_meta_author_avatar":"","neve_post_elements_order":"","neve_meta_disable_header":"","neve_meta_disable_footer":"","neve_meta_disable_title":"","footnotes":""},"_links":{"self":[{"href":"https:\/\/premios.asociacionpodcast.es\/index.php\/wp-json\/wp\/v2\/pages\/808"}],"collection":[{"href":"https:\/\/premios.asociacionpodcast.es\/index.php\/wp-json\/wp\/v2\/pages"}],"about":[{"href":"https:\/\/premios.asociacionpodcast.es\/index.php\/wp-json\/wp\/v2\/types\/page"}],"author":[{"embeddable":true,"href":"https:\/\/premios.asociacionpodcast.es\/index.php\/wp-json\/wp\/v2\/users\/1"}],"replies":[{"embeddable":true,"href":"https:\/\/premios.asociacionpodcast.es\/index.php\/wp-json\/wp\/v2\/comments?post=808"}],"version-history":[{"count":18,"href":"https:\/\/premios.asociacionpodcast.es\/index.php\/wp-json\/wp\/v2\/pages\/808\/revisions"}],"predecessor-version":[{"id":1148,"href":"https:\/\/premios.asociacionpodcast.es\/index.php\/wp-json\/wp\/v2\/pages\/808\/revisions\/1148"}],"wp:attachment":[{"href":"https:\/\/premios.asociacionpodcast.es\/index.php\/wp-json\/wp\/v2\/media?parent=808"}],"curies":[{"name":"wp","href":"https:\/\/api.w.org\/{rel}","templated":true}]}}