{"id":59,"date":"2023-06-29T13:54:46","date_gmt":"2023-06-29T11:54:46","guid":{"rendered":"https:\/\/premios.asociacionpodcast.es\/?page_id=59"},"modified":"2024-08-12T10:10:07","modified_gmt":"2024-08-12T08:10:07","slug":"categorias-2023","status":"publish","type":"page","link":"https:\/\/premios.asociacionpodcast.es\/index.php\/categorias-2023\/","title":{"rendered":"CATEGOR\u00cdAS &#8211; PREMIOS 2024"},"content":{"rendered":"\n<h2 class=\"wp-block-heading\">Categor\u00edas Tem\u00e1ticas de Podcast<\/h2>\n\n\n\n<p><strong>Actualidad y Sociedad:<\/strong><\/p>\n\n\n\n<p>Podcasts que tratan noticias de actualidad pol\u00edtica y social, econom\u00eda y opini\u00f3n. Se incluyen tanto programas informativos como aquellos que abordan problem\u00e1ticas y din\u00e1micas sociales desde una perspectiva cr\u00edtica y reflexiva.<\/p>\n\n\n\n<p><strong>Salud y Deporte:<\/strong><\/p>\n\n\n\n<p>Podcasts que tratan temas deportivos tanto en su pr\u00e1ctica como en su an\u00e1lisis, resultados y debates de cualquiera de sus modalidades. As\u00ed como ciencias de la salud y medicina, cuestiones directamente relacionadas. Este apartado incluye desde programas sobre bienestar f\u00edsico y mental hasta entrevistas con expertos y deportistas.<\/p>\n\n\n\n<p><strong>Cultura y Ciencia:<\/strong><\/p>\n\n\n\n<p>Podcasts dedicados a la exploraci\u00f3n cient\u00edfica, divulgaci\u00f3n cultural y educaci\u00f3n. Incluye programas sobre literatura, arte, idiomas, historia y todas las ramas de la ciencia, desde la astrof\u00edsica hasta la zoolog\u00eda, con el fin de educar y entretener a la audiencia.<\/p>\n\n\n\n<p><strong>Ocio y Aficiones:<\/strong><\/p>\n\n\n\n<p>Podcasts que se centran en el entretenimiento y las aficiones personales. Pueden abordar temas como contenido audiovisual (TV, series y cine), videojuegos, manualidades, coleccionismo, hobbies creativos, mascotas, viajes, gastronom\u00eda, juegos de mesa y cualquier otro tipo de actividad recreativa que sea del inter\u00e9s de una comunidad espec\u00edfica.<\/p>\n\n\n\n<p><strong>Misterio y Cr\u00f3nica Negra:<\/strong><\/p>\n\n\n\n<p>Podcasts que exploran casos de <em>true crime<\/em>, fen\u00f3menos paranormales, investigaciones y misterios sin resolver. Este g\u00e9nero combina el suspense y las conspiraciones, ofreciendo narrativas sobre eventos oscuros y enigm\u00e1ticos.<\/p>\n\n\n\n<p><strong>Tecnolog\u00eda y Marketing:<\/strong><\/p>\n\n\n\n<p>Podcasts que se centran en el entorno digital, software y dispositivos, <em>e-commerce y <\/em>RRSS. Incluyen an\u00e1lisis de tendencias tecnol\u00f3gicas, rese\u00f1as de productos, estrategias de marketing y consejos para emprendedores y profesionales del sector.<\/p>\n\n\n\n<p><strong>Humor y Comedia:<\/strong><\/p>\n\n\n\n<p>Podcasts creados para hacer re\u00edr y entretener a la audiencia a trav\u00e9s de sketches, mon\u00f3logos, entrevistas humor\u00edsticas y parodias. Este g\u00e9nero abarca desde el humor absurdo hasta el <em>standup commedy<\/em>, improvisaci\u00f3n y crowdwork.<\/p>\n\n\n\n<p><strong>Ficci\u00f3n sonora \/ Audiorelatos:<\/strong><\/p>\n\n\n\n<p>Podcasts que ofrecen relatos dramatizados, ficticios y no ficticios. Los radioteatros, las series de ficci\u00f3n, los cuentos originales y las adaptaciones literarias forman parte de este formato, que crea experiencias auditivas inmersivas.<\/p>\n\n\n\n<p><\/p>\n\n\n\n<h2 class=\"wp-block-heading\">Premios Especiales<\/h2>\n\n\n\n<h3 class=\"wp-block-heading\"><strong>Premio Honor\u00edfico<\/strong><\/h3>\n\n\n\n<p>La Junta Directiva\/Comisi\u00f3n presentar\u00e1 un m\u00e1ximo de cinco candidatos y ser\u00e1n los socios quienes decidan en la votaci\u00f3n final a qui\u00e9n otorgar el trofeo. Previo a la gala, se notificar\u00e1 al ganador para que acuda a recibir el premio.<\/p>\n\n\n\n<h3 class=\"wp-block-heading\"><strong>Podcast Revelaci\u00f3n<\/strong><\/h3>\n\n\n\n<p class=\"has-neve-text-color-color has-text-color\">L<mark style=\"background-color:rgba(0, 0, 0, 0)\" class=\"has-inline-color has-nv-dark-bg-color\">os podcasts participantes en esta Categor\u00eda deben de cumplir, aparte de lo que dice el punto I Inscripci\u00f3n, de las Bases, la siguiente condici\u00f3n:<\/mark><\/p>\n\n\n\n<p class=\"has-neve-text-color-color has-text-color\"><mark style=\"background-color:rgba(0, 0, 0, 0)\" class=\"has-inline-color has-nv-dark-bg-color\">Que su primer programa se haya publicado entre el d\u00eda siguiente a la fecha de publicaci\u00f3n de las Bases de la edici\u00f3n anterior, en este caso, el 14\/07\/2023 y hasta la publicaci\u00f3n de las Bases de la edici\u00f3n en curso.<\/mark><\/p>\n\n\n\n<p class=\"has-neve-text-color-color has-text-color\"><mark style=\"background-color:rgba(0, 0, 0, 0)\" class=\"has-inline-color has-nv-dark-bg-color\">Los podcast deben ser de nueva creaci\u00f3n. Si un podcast es la continuaci\u00f3n de otro, aunque cambie el nombre o los responsables, no podr\u00e1 ser admitido en esta Categor\u00eda.<\/mark><\/p>\n\n\n\n<p class=\"has-neve-text-color-color has-text-color\"><mark style=\"background-color:rgba(0, 0, 0, 0)\" class=\"has-inline-color has-nv-dark-bg-color\">Tampoco ser\u00e1n admitidos en esta Categor\u00eda aquellos podcast nuevos que realicen redirecciones autom\u00e1ticas de los ficheros de suscripci\u00f3n de podcast m\u00e1s antiguos para captar audiencia o cualquier otro fin.<\/mark><\/p>\n\n\n\n<p class=\"has-neve-text-color-color has-text-color\"><mark style=\"background-color:rgba(0, 0, 0, 0)\" class=\"has-inline-color has-nv-dark-bg-color\"><strong>Es necesario especificar en la inscripci\u00f3n del podcast que tambi\u00e9n se desea participar en la categor\u00eda de Podcast Revelaci\u00f3n<\/strong><\/mark><\/p>\n\n\n\n<p><strong><em>Bases publicadas el 12 de agosto de 2024<\/em><\/strong><\/p>\n","protected":false},"excerpt":{"rendered":"<p>Categor\u00edas Tem\u00e1ticas de Podcast Actualidad y Sociedad: Podcasts que tratan noticias de actualidad pol\u00edtica y social, econom\u00eda y opini\u00f3n. Se incluyen tanto programas informativos como aquellos que abordan problem\u00e1ticas y din\u00e1micas sociales desde una perspectiva cr\u00edtica y reflexiva. Salud y Deporte: Podcasts que tratan temas deportivos tanto en su pr\u00e1ctica como en su an\u00e1lisis, resultados&hellip;&nbsp;<a href=\"https:\/\/premios.asociacionpodcast.es\/index.php\/categorias-2023\/\" rel=\"bookmark\">Leer m\u00e1s &raquo;<span class=\"screen-reader-text\">CATEGOR\u00cdAS &#8211; PREMIOS 2024<\/span><\/a><\/p>\n","protected":false},"author":1,"featured_media":0,"parent":0,"menu_order":0,"comment_status":"closed","ping_status":"closed","template":"","meta":{"neve_meta_sidebar":"","neve_meta_container":"","neve_meta_enable_content_width":"","neve_meta_content_width":0,"neve_meta_title_alignment":"","neve_meta_author_avatar":"","neve_post_elements_order":"","neve_meta_disable_header":"","neve_meta_disable_footer":"","neve_meta_disable_title":"","footnotes":""},"_links":{"self":[{"href":"https:\/\/premios.asociacionpodcast.es\/index.php\/wp-json\/wp\/v2\/pages\/59"}],"collection":[{"href":"https:\/\/premios.asociacionpodcast.es\/index.php\/wp-json\/wp\/v2\/pages"}],"about":[{"href":"https:\/\/premios.asociacionpodcast.es\/index.php\/wp-json\/wp\/v2\/types\/page"}],"author":[{"embeddable":true,"href":"https:\/\/premios.asociacionpodcast.es\/index.php\/wp-json\/wp\/v2\/users\/1"}],"replies":[{"embeddable":true,"href":"https:\/\/premios.asociacionpodcast.es\/index.php\/wp-json\/wp\/v2\/comments?post=59"}],"version-history":[{"count":13,"href":"https:\/\/premios.asociacionpodcast.es\/index.php\/wp-json\/wp\/v2\/pages\/59\/revisions"}],"predecessor-version":[{"id":884,"href":"https:\/\/premios.asociacionpodcast.es\/index.php\/wp-json\/wp\/v2\/pages\/59\/revisions\/884"}],"wp:attachment":[{"href":"https:\/\/premios.asociacionpodcast.es\/index.php\/wp-json\/wp\/v2\/media?parent=59"}],"curies":[{"name":"wp","href":"https:\/\/api.w.org\/{rel}","templated":true}]}}