{"id":57,"date":"2023-06-29T13:58:28","date_gmt":"2023-06-29T11:58:28","guid":{"rendered":"https:\/\/premios.asociacionpodcast.es\/?page_id=57"},"modified":"2023-09-13T23:36:24","modified_gmt":"2023-09-13T21:36:24","slug":"fases-2023-falta-revisar","status":"publish","type":"page","link":"https:\/\/premios.asociacionpodcast.es\/index.php\/fases-2023-falta-revisar\/","title":{"rendered":"FASES &#8211; PREMIOS 2023"},"content":{"rendered":"\n<p><strong>1.- Inscripci\u00f3n:<\/strong><\/p>\n\n\n\n<p>Del 14\/07\/2023 al 06\/08\/2023<\/p>\n\n\n\n<p>Los podcasts\/podcasters que deseen optar a los Premios de la Asociaci\u00f3n Podcast deber\u00e1n cumplimentar el formulario publicado en la p\u00e1gina web de los Premios de la Asociaci\u00f3n en las fechas indicadas.<\/p>\n\n\n\n<p>En el momento de la inscripci\u00f3n se enviar\u00e1 un correo electr\u00f3nico a la direcci\u00f3n de correo indicada en el feed para que se confirme la inscripci\u00f3n.&nbsp;<strong>La inscripci\u00f3n s\u00f3lo ser\u00e1 v\u00e1lida despu\u00e9s de recibir la confirmaci\u00f3n<\/strong>. Cualquier comunicaci\u00f3n o consulta oficial de o hacia la Organizaci\u00f3n de los Premios se har\u00e1 mediante dicho correo electr\u00f3nico, sin perjuicio de que se puedan utilizar otros medios para dar informaci\u00f3n general.<\/p>\n\n\n\n<p>Cada podcast se inscribe en la Categor\u00eda Tem\u00e1tica que considere correcta. La Organizaci\u00f3n se reserva el derecho de corregir dicha inscripci\u00f3n cotejando sitios como iTunes, iVoox, Spreaker, etc. Para cualquier aclaraci\u00f3n o consulta se utilizar\u00e1 la cuenta de correo electr\u00f3nico proporcionada por el podcast en el momento de su inscripci\u00f3n.<\/p>\n\n\n\n<p><strong>2.- Revisi\u00f3n<\/strong><\/p>\n\n\n\n<p>Del 07\/08\/2023 al 13\/08\/2023<\/p>\n\n\n\n<p>En esta Fase participan \u00fanicamente los organizadores de los Premios, quienes revisar\u00e1n que los podcasts inscritos cumplan con los requisitos para optar a los Premios, y que las Categor\u00edas sean las adecuadas. La Organizaci\u00f3n resolver\u00e1 cuantas dudas se puedan plantear, realizando las consultas oportunas a los podcasters en cuesti\u00f3n,&nbsp;<strong>siempre a trav\u00e9s del correo electr\u00f3nico proporcionado en el momento de la inscripci\u00f3n<\/strong>.<\/p>\n\n\n\n<p><strong>3.- Publicaci\u00f3n preliminar de inscritos<\/strong><\/p>\n\n\n\n<p>14\/08\/2023<\/p>\n\n\n\n<p>Se realizar\u00e1 una publicaci\u00f3n en la web de la Premios de la lista preliminar de los podcast\/podcasters inscritos.<\/p>\n\n\n\n<p><strong>4.- Reclamaciones<\/strong><\/p>\n\n\n\n<p>Del 14\/08\/2023 al 20\/08\/2023<\/p>\n\n\n\n<p>A partir de la publicaci\u00f3n de inscritos se abrir\u00e1 un plazo para presentar reclamaciones.<\/p>\n\n\n\n<p>Las reclamaciones deber\u00e1n dirigirse a la cuenta de correo info[@]asociacionpodcast[.]es.<\/p>\n\n\n\n<p>La Organizaci\u00f3n resolver\u00e1 los casos planteados seg\u00fan las Bases y publicar\u00e1 la lista definitiva de podcasts inscritos antes de la fecha de comienzo de la Fase de Puntuaci\u00f3n.<\/p>\n\n\n\n<p><strong>5.- Votaci\u00f3n inicial<\/strong><\/p>\n\n\n\n<p>Del&nbsp;21\/08\/2023 al 03\/09\/2023<\/p>\n\n\n\n<p>Como m\u00e1ximo el 21\/08\/2023 se dar\u00e1 a conocer la lista definitiva de los podcasts inscritos y las Categor\u00edas en las que participan y se activar\u00e1 el formulario de Puntuaci\u00f3n.<\/p>\n\n\n\n<p>Tal y como se explicita en las Bases, en la Fase de Puntuaci\u00f3n podr\u00e1n puntuar tanto socios como simpatizantes.<\/p>\n\n\n\n<p>Cada persona dispone la posibilidad de elegir 3 podcast en cada Categor\u00eda que distribuye como quiera. De esta puntuaci\u00f3n saldr\u00e1n cinco podcasts que pasar\u00e1n a la siguiente fase. En caso de que en la quinta posici\u00f3n se produjeran empates, pasar\u00edan los cuatro primeros m\u00e1s los empatados en quinto lugar.<\/p>\n\n\n\n<p><strong>6.- Publicaci\u00f3n listado de finalistas<\/strong><\/p>\n\n\n\n<p>10\/09\/2023<\/p>\n\n\n\n<p>Como m\u00e1ximo el 10\/09\/2023 se dar\u00e1 a conocer la lista definitiva de los podcasts finalistas<\/p>\n\n\n\n<p><strong>7.- Votacion Final<\/strong><\/p>\n\n\n\n<p>de 13\/09\/2023 al 26\/09\/2023<\/p>\n\n\n\n<p>En esta Fase participan \u00fanicamente los socios dados de alta en la Asociaci\u00f3n hasta el d\u00eda 11\/09\/2022.<\/p>\n\n\n\n<p>Cada socio asignar\u00e1 un voto por Categor\u00eda, y el podcast\/podcaster que m\u00e1s votos obtenga se llevar\u00e1 el Premio. En caso de empate, el Premio se otorgar\u00e1 al podcast\/podcaster que haya obtenido m\u00e1s puntos en la Fase de Puntuaci\u00f3n.<\/p>\n\n\n\n<p><\/p>\n\n\n\n<p><\/p>\n","protected":false},"excerpt":{"rendered":"<p>1.- Inscripci\u00f3n: Del 14\/07\/2023 al 06\/08\/2023 Los podcasts\/podcasters que deseen optar a los Premios de la Asociaci\u00f3n Podcast deber\u00e1n cumplimentar el formulario publicado en la p\u00e1gina web de los Premios de la Asociaci\u00f3n en las fechas indicadas. En el momento de la inscripci\u00f3n se enviar\u00e1 un correo electr\u00f3nico a la direcci\u00f3n de correo indicada en&hellip;&nbsp;<a href=\"https:\/\/premios.asociacionpodcast.es\/index.php\/fases-2023-falta-revisar\/\" rel=\"bookmark\">Leer m\u00e1s &raquo;<span class=\"screen-reader-text\">FASES &#8211; PREMIOS 2023<\/span><\/a><\/p>\n","protected":false},"author":1,"featured_media":0,"parent":0,"menu_order":0,"comment_status":"closed","ping_status":"closed","template":"","meta":{"neve_meta_sidebar":"","neve_meta_container":"","neve_meta_enable_content_width":"","neve_meta_content_width":0,"neve_meta_title_alignment":"","neve_meta_author_avatar":"","neve_post_elements_order":"","neve_meta_disable_header":"","neve_meta_disable_footer":"","neve_meta_disable_title":"","footnotes":""},"_links":{"self":[{"href":"https:\/\/premios.asociacionpodcast.es\/index.php\/wp-json\/wp\/v2\/pages\/57"}],"collection":[{"href":"https:\/\/premios.asociacionpodcast.es\/index.php\/wp-json\/wp\/v2\/pages"}],"about":[{"href":"https:\/\/premios.asociacionpodcast.es\/index.php\/wp-json\/wp\/v2\/types\/page"}],"author":[{"embeddable":true,"href":"https:\/\/premios.asociacionpodcast.es\/index.php\/wp-json\/wp\/v2\/users\/1"}],"replies":[{"embeddable":true,"href":"https:\/\/premios.asociacionpodcast.es\/index.php\/wp-json\/wp\/v2\/comments?post=57"}],"version-history":[{"count":17,"href":"https:\/\/premios.asociacionpodcast.es\/index.php\/wp-json\/wp\/v2\/pages\/57\/revisions"}],"predecessor-version":[{"id":773,"href":"https:\/\/premios.asociacionpodcast.es\/index.php\/wp-json\/wp\/v2\/pages\/57\/revisions\/773"}],"wp:attachment":[{"href":"https:\/\/premios.asociacionpodcast.es\/index.php\/wp-json\/wp\/v2\/media?parent=57"}],"curies":[{"name":"wp","href":"https:\/\/api.w.org\/{rel}","templated":true}]}}