{"id":1251,"date":"2025-08-15T14:18:58","date_gmt":"2025-08-15T12:18:58","guid":{"rendered":"https:\/\/premios.asociacionpodcast.es\/?page_id=1251"},"modified":"2025-09-12T17:40:16","modified_gmt":"2025-09-12T15:40:16","slug":"fases-2025","status":"publish","type":"page","link":"https:\/\/premios.asociacionpodcast.es\/index.php\/fases-2025\/","title":{"rendered":"FASES 2025"},"content":{"rendered":"\n<h3 class=\"wp-block-heading\"><strong>1. Inscripci\u00f3n<\/strong>:<\/h3>\n\n\n\n<p>1.1. La fecha para inscribir tu programa a la XV Edici\u00f3n de los Premios de las Asociaci\u00f3n Podcast es del 16 agosto 2025 al 07 septiembre 2025.<\/p>\n\n\n\n<p>1.2. Los podcasts que deseen optar a los Premios de la Asociaci\u00f3n Podcast deber\u00e1n cumplimentar el formulario publicado en la p\u00e1gina web de los Premios de la Asociaci\u00f3n en las fechas indicadas.<\/p>\n\n\n\n<p>1.3. En el momento de la inscripci\u00f3n se enviar\u00e1 un correo electr\u00f3nico a la direcci\u00f3n de correo indicada en el feed para que se confirme la inscripci\u00f3n. La inscripci\u00f3n s\u00f3lo ser\u00e1 v\u00e1lida despu\u00e9s de recibir la confirmaci\u00f3n y esta sea dentro de la fecha l\u00edmite de inscripci\u00f3n. <\/p>\n\n\n\n<p>Cualquier comunicaci\u00f3n o consulta oficial de o hacia la Organizaci\u00f3n de los Premios se har\u00e1 mediante dicho correo electr\u00f3nico, sin perjuicio de que se puedan utilizar otros medios para dar informaci\u00f3n general.<\/p>\n\n\n\n<p>1.4. Cada podcast se inscribe <strong>solo en una<\/strong> de la Categor\u00eda Tem\u00e1tica que considere correcta.  <\/p>\n\n\n\n<p>En el caso de optar a ser candidato a Mejor Podcast Revelaci\u00f3n y cumplir los requisitos antes indicados, se deber\u00e1 marcar la casilla indicada para tal fin. <\/p>\n\n\n\n<p>La Organizaci\u00f3n se reserva el derecho de corregir dicha inscripci\u00f3n cotejando sitios como iTunes, iVoox, Spreaker, etc.<\/p>\n\n\n\n<p>1.5. Para cualquier aclaraci\u00f3n o consulta se utilizar\u00e1 la cuenta de correo electr\u00f3nico proporcionada por el podcast en el momento de su inscripci\u00f3n.<\/p>\n\n\n\n<p>Una vez concluida la fase de inscripci\u00f3n no se admitir\u00e1 ninguna nueva inscripci\u00f3n.<\/p>\n\n\n\n<h3 class=\"wp-block-heading\"><strong>2. Revisi\u00f3n:<\/strong><\/h3>\n\n\n\n<p>Las fechas para la revisi\u00f3n de los podcasts inscritos son del 08 septiembre 2025 al 11 septiembre 2025<\/p>\n\n\n\n<p>En esta fase participan \u00fanicamente los organizadores de los Premios, quienes revisar\u00e1n que los podcasts inscritos cumplan con los requisitos para optar a los Premios, y que la Categor\u00eda sea la adecuada. La Organizaci\u00f3n resolver\u00e1 cuantas dudas se puedan plantear, realizando las consultas oportunas a los podcasters en cuesti\u00f3n, siempre a trav\u00e9s del correo electr\u00f3nico proporcionado en el momento de la inscripci\u00f3n, que es el correo electr\u00f3nico del feed del podcast.<\/p>\n\n\n\n<h3 class=\"wp-block-heading\"><strong>3. Publicaci\u00f3n preliminar de inscritos:<\/strong><\/h3>\n\n\n\n<p>La lista preliminar de los programas inscritos ser\u00e1 anunciada a partir del d\u00eda 12 septiembre 2025.<\/p>\n\n\n\n<p>Se realizar\u00e1 una publicaci\u00f3n en la web de los Premios de la Asociaci\u00f3n, de la lista preliminar de los podcasts inscritos.<\/p>\n\n\n\n<h3 class=\"wp-block-heading\"><strong>4. Reclamaciones:<\/strong><\/h3>\n\n\n\n<p>A partir de la publicaci\u00f3n de los inscritos se abrir\u00e1 un plazo para presentar reclamaciones.<\/p>\n\n\n\n<p>4.1. Cualquier reclamaci\u00f3n deber\u00e1 hacerse en el per\u00edodo de tiempo comprendido entre el 12 de septiembre 2025 al 15 septiembre 2025. <\/p>\n\n\n\n<p>4.2. Las reclamaciones deber\u00e1n dirigirse a la cuenta de correo <a href=\"mailto:premios@asociacionpodcast.es\" target=\"_blank\" rel=\"noreferrer noopener\">premios@asociacionpodcast.es<\/a>. Las reclamaciones deber\u00e1n hacerse desde el correo electr\u00f3nico de la cuenta del feed del podcast.<\/p>\n\n\n\n<p>4.3. La Organizaci\u00f3n resolver\u00e1 los casos planteados seg\u00fan las Bases y publicar\u00e1 la lista definitiva de podcasts inscritos antes de la fecha de comienzo de la Fase de Puntuaci\u00f3n.<\/p>\n\n\n\n<h3 class=\"wp-block-heading\"><strong>5. Votaci\u00f3n inicial (Fase de Puntuaci\u00f3n):<\/strong><\/h3>\n\n\n\n<p>La votaci\u00f3n inicial, donde participan Socios y Simpatizantes de la Asociaci\u00f3n Podcast, ser\u00e1 del 16 septiembre 2025 al 22 septiembre 2025<\/p>\n\n\n\n<p>5.1. El 23 septiembre 2025 se dar\u00e1 a conocer la lista definitiva de los podcasts inscritos y las Categor\u00edas en las que participan y se activar\u00e1 el formulario de Puntuaci\u00f3n.<\/p>\n\n\n\n<p>5.2. Tal y como se explicita en las Bases, en la Fase de Puntuaci\u00f3n podr\u00e1n puntuar tanto socios como simpatizantes.<\/p>\n\n\n\n<p>5.3. Cada simpatizante o socio tiene la posibilidad de elegir hasta 3 podcasts en cada Categor\u00eda. De esta puntuaci\u00f3n saldr\u00e1n cinco podcasts que pasar\u00e1n a la siguiente fase.<\/p>\n\n\n\n<p>5.4. En caso de que en la quinta posici\u00f3n se produjeran empates, pasar\u00e1 a la siguiente fase el podcast o los podcasts que, al menos uno de los integrantes, sea socio de la Asociaci\u00f3n Podcast.<\/p>\n\n\n\n<p>5.5. Si el empate permanece, la Organizaci\u00f3n de los Premios tomar\u00e1 la decisi\u00f3n de aumentar o disminuir el n\u00famero de podcast que pasan a la votaci\u00f3n final. <\/p>\n\n\n\n<h3 class=\"wp-block-heading\"><strong>6. Publicaci\u00f3n listado de finalistas:<\/strong><\/h3>\n\n\n\n<p>El 23 septiembre 2025 se dar\u00e1 a conocer la lista definitiva de los podcasts finalistas.<\/p>\n\n\n\n<h3 class=\"wp-block-heading\"><strong>7. Votaci\u00f3n Final:<\/strong><\/h3>\n\n\n\n<p>La votaci\u00f3n final empezar\u00e1 el 24 septiembre 2025 al 30 septiembre 2025.<\/p>\n\n\n\n<p>7.1. En esta fase participan \u00fanicamente los socios dados de alta en la Asociaci\u00f3n hasta el d\u00eda 11 septiembre 2025.<\/p>\n\n\n\n<p>7.2. Cada socio asignar\u00e1 un voto por Categor\u00eda, y el podcast que m\u00e1s votos obtenga se llevar\u00e1 el Premio en la Categor\u00eda y pasar\u00e1 a la fase final de votaci\u00f3n del jurado. <\/p>\n\n\n\n<p>7.3. En caso de empate, ganar\u00e1 el podcast que tenga al menos un integrante como socio de la Asociaci\u00f3n. <\/p>\n\n\n\n<p>7.3.1. De darse un nuevo empate, el Premio se otorgar\u00e1 al podcast que haya obtenido m\u00e1s puntos en la Fase de Puntuaci\u00f3n. <\/p>\n\n\n\n<p>7.3.2. En caso de empatar de nuevo, ganar\u00e1n los podcasts empatados que cumplan estas condiciones.<\/p>\n","protected":false},"excerpt":{"rendered":"<p>1. Inscripci\u00f3n: 1.1. La fecha para inscribir tu programa a la XV Edici\u00f3n de los Premios de las Asociaci\u00f3n Podcast es del 16 agosto 2025 al 07 septiembre 2025. 1.2. Los podcasts que deseen optar a los Premios de la Asociaci\u00f3n Podcast deber\u00e1n cumplimentar el formulario publicado en la p\u00e1gina web de los Premios de&hellip;&nbsp;<a href=\"https:\/\/premios.asociacionpodcast.es\/index.php\/fases-2025\/\" rel=\"bookmark\">Leer m\u00e1s &raquo;<span class=\"screen-reader-text\">FASES 2025<\/span><\/a><\/p>\n","protected":false},"author":1,"featured_media":0,"parent":0,"menu_order":0,"comment_status":"closed","ping_status":"closed","template":"","meta":{"neve_meta_sidebar":"","neve_meta_container":"","neve_meta_enable_content_width":"","neve_meta_content_width":0,"neve_meta_title_alignment":"","neve_meta_author_avatar":"","neve_post_elements_order":"","neve_meta_disable_header":"","neve_meta_disable_footer":"","neve_meta_disable_title":"","footnotes":""},"_links":{"self":[{"href":"https:\/\/premios.asociacionpodcast.es\/index.php\/wp-json\/wp\/v2\/pages\/1251"}],"collection":[{"href":"https:\/\/premios.asociacionpodcast.es\/index.php\/wp-json\/wp\/v2\/pages"}],"about":[{"href":"https:\/\/premios.asociacionpodcast.es\/index.php\/wp-json\/wp\/v2\/types\/page"}],"author":[{"embeddable":true,"href":"https:\/\/premios.asociacionpodcast.es\/index.php\/wp-json\/wp\/v2\/users\/1"}],"replies":[{"embeddable":true,"href":"https:\/\/premios.asociacionpodcast.es\/index.php\/wp-json\/wp\/v2\/comments?post=1251"}],"version-history":[{"count":5,"href":"https:\/\/premios.asociacionpodcast.es\/index.php\/wp-json\/wp\/v2\/pages\/1251\/revisions"}],"predecessor-version":[{"id":1364,"href":"https:\/\/premios.asociacionpodcast.es\/index.php\/wp-json\/wp\/v2\/pages\/1251\/revisions\/1364"}],"wp:attachment":[{"href":"https:\/\/premios.asociacionpodcast.es\/index.php\/wp-json\/wp\/v2\/media?parent=1251"}],"curies":[{"name":"wp","href":"https:\/\/api.w.org\/{rel}","templated":true}]}}