{"id":1229,"date":"2024-10-26T21:52:18","date_gmt":"2024-10-26T19:52:18","guid":{"rendered":"https:\/\/premios.asociacionpodcast.es\/?page_id=1229"},"modified":"2024-10-26T22:02:02","modified_gmt":"2024-10-26T20:02:02","slug":"ganadores-jpod-2024","status":"publish","type":"page","link":"https:\/\/premios.asociacionpodcast.es\/index.php\/ganadores-jpod-2024\/","title":{"rendered":"GANADORES JPOD 2024"},"content":{"rendered":"\n<h2 class=\"wp-block-heading\">Estos son los podcast premiados en la Edici\u00f3n XIV de los Premios de la Asociaci\u00f3n Podcast de Espa\u00f1a:<\/h2>\n\n\n\n<p>A<strong>ctualidad o Sociedad<\/strong><\/p>\n\n\n\n<hr class=\"wp-block-separator has-alpha-channel-opacity\"\/>\n\n\n\n<figure class=\"wp-block-table is-style-stripes\"><table><tbody><tr><td>PODCAST<\/td><td>IMAGEN DEL PODCAST<\/td><td>DESCRIPCI\u00d3N DEL PODCAST<\/td><td>EPISODIO PRESENTADO AL JURADO<\/td><\/tr><tr><td>Frente al cliente<\/td><td><img decoding=\"async\" loading=\"lazy\" width=\"2289\" height=\"2289\" class=\"wp-image-1076\" style=\"width: 150px;\" src=\"https:\/\/premios.asociacionpodcast.es\/wp-content\/uploads\/2024\/08\/Copia-de-PicsArt_01-14-02.08.08-Jose-FrenteAlCliente.jpg\" alt=\"Frente al cliente\" srcset=\"https:\/\/premios.asociacionpodcast.es\/wp-content\/uploads\/2024\/08\/Copia-de-PicsArt_01-14-02.08.08-Jose-FrenteAlCliente.jpg 2289w, https:\/\/premios.asociacionpodcast.es\/wp-content\/uploads\/2024\/08\/Copia-de-PicsArt_01-14-02.08.08-Jose-FrenteAlCliente-300x300.jpg 300w, https:\/\/premios.asociacionpodcast.es\/wp-content\/uploads\/2024\/08\/Copia-de-PicsArt_01-14-02.08.08-Jose-FrenteAlCliente-1024x1024.jpg 1024w, https:\/\/premios.asociacionpodcast.es\/wp-content\/uploads\/2024\/08\/Copia-de-PicsArt_01-14-02.08.08-Jose-FrenteAlCliente-150x150.jpg 150w, https:\/\/premios.asociacionpodcast.es\/wp-content\/uploads\/2024\/08\/Copia-de-PicsArt_01-14-02.08.08-Jose-FrenteAlCliente-768x768.jpg 768w, https:\/\/premios.asociacionpodcast.es\/wp-content\/uploads\/2024\/08\/Copia-de-PicsArt_01-14-02.08.08-Jose-FrenteAlCliente-1536x1536.jpg 1536w, https:\/\/premios.asociacionpodcast.es\/wp-content\/uploads\/2024\/08\/Copia-de-PicsArt_01-14-02.08.08-Jose-FrenteAlCliente-2048x2048.jpg 2048w\" sizes=\"(max-width: 2289px) 100vw, 2289px\" \/><\/td><td>Las vivencias de un camarero en su d\u00eda a d\u00eda y otras cosillas, para camareros, dependientes, meseros, cajeros&#8230;. Y sobre todo para los clientes&#8230;<\/td><td><a href=\"https:\/\/open.spotify.com\/episode\/37cl4e2LLBI7POr7VqfcG2?si=2fd255daf2614d7c\" target=\"_blank\" rel=\"noreferrer noopener\">https:\/\/open.spotify.com\/episode\/37cl4e2LLBI7POr7VqfcG2?si=2fd255daf2614d7c<\/a><\/td><\/tr><\/tbody><\/table><\/figure>\n\n\n\n<h3 class=\"wp-block-heading\"><strong><strong>Cultura y Ciencia<\/strong><\/strong><\/h3>\n\n\n\n<hr class=\"wp-block-separator has-alpha-channel-opacity\"\/>\n\n\n\n<figure class=\"wp-block-table is-style-stripes\"><table><tbody><tr><td>PODCAST<\/td><td>IMAGEN DEL PODCAST<\/td><td>DESCRIPCI\u00d3N DEL PODCAST<\/td><td>EPISODIO PRESENTADO AL JURADO<\/td><\/tr><tr><td>Mujeres con Historia<\/td><td><img decoding=\"async\" loading=\"lazy\" width=\"670\" height=\"670\" class=\"wp-image-512\" style=\"width: 150px;\" src=\"https:\/\/premios.asociacionpodcast.es\/wp-content\/uploads\/2023\/07\/Podcast-Mujeres-con-Historia.jpg\" alt=\"Mujeres con Historia\" srcset=\"https:\/\/premios.asociacionpodcast.es\/wp-content\/uploads\/2023\/07\/Podcast-Mujeres-con-Historia.jpg 670w, https:\/\/premios.asociacionpodcast.es\/wp-content\/uploads\/2023\/07\/Podcast-Mujeres-con-Historia-300x300.jpg 300w, https:\/\/premios.asociacionpodcast.es\/wp-content\/uploads\/2023\/07\/Podcast-Mujeres-con-Historia-150x150.jpg 150w\" sizes=\"(max-width: 670px) 100vw, 670px\" \/><\/td><td>Un espacio para intentar conocer un poco m\u00e1s y de un modo sencillo, la figura de la mujer y\/o de algunas de ellas en particular a lo largo de la historia.<\/td><td><a href=\"https:\/\/go.ivoox.com\/rf\/93140627\" target=\"_blank\" rel=\"noreferrer noopener\">https:\/\/go.ivoox.com\/rf\/93140627<\/a><\/td><\/tr><\/tbody><\/table><\/figure>\n\n\n\n<h3 class=\"wp-block-heading\"><strong><strong>Ficci\u00f3n sonora \/ Audiorelatos<\/strong><\/strong><\/h3>\n\n\n\n<hr class=\"wp-block-separator has-alpha-channel-opacity\"\/>\n\n\n\n<figure class=\"wp-block-table is-style-stripes\"><table><tbody><tr><td>PODCAST<\/td><td>IMAGEN DEL PODCAST<\/td><td>DESCRIPCI\u00d3N DEL PODCAST<\/td><td>EPISODIO PRESENTADO AL JURADO<\/td><\/tr><tr><td>Transmitiendo A Ciegas<\/td><td><img decoding=\"async\" loading=\"lazy\" width=\"300\" height=\"300\" class=\"wp-image-981\" style=\"width: 150px;\" src=\"https:\/\/premios.asociacionpodcast.es\/wp-content\/uploads\/2024\/08\/TAC300x300-Narrador-Oscuro.png\" alt=\"Transmitiendo A Ciegas\" srcset=\"https:\/\/premios.asociacionpodcast.es\/wp-content\/uploads\/2024\/08\/TAC300x300-Narrador-Oscuro.png 300w, https:\/\/premios.asociacionpodcast.es\/wp-content\/uploads\/2024\/08\/TAC300x300-Narrador-Oscuro-150x150.png 150w\" sizes=\"(max-width: 300px) 100vw, 300px\" \/><\/td><td>TAC es una audioserie independiente de ciencia ficci\u00f3n con toques de comedia, thriller, drama y terror c\u00f3smico producida por una sola persona. Aleix Valverde se encarga del guion, edici\u00f3n, dise\u00f1o sonoro, m\u00fasica e interpreta a los personajes principales.<\/td><td><a href=\"https:\/\/www.ivoox.com\/tac-el-mal-fario-t1e09-audios-mp3_rf_105950302_1.html\" target=\"_blank\" rel=\"noreferrer noopener\">https:\/\/www.ivoox.com\/tac-el-mal-fario-t1e09-audios-mp3_rf_105950302_1.html<\/a><\/td><\/tr><\/tbody><\/table><\/figure>\n\n\n\n<h3 class=\"wp-block-heading\"><strong><strong>Humor y Comedia<\/strong><\/strong><\/h3>\n\n\n\n<p>Podcasts creados para hacer re\u00edr y entretener a la audiencia a trav\u00e9s de sketches, mon\u00f3logos, entrevistas humor\u00edsticas y parodias. Este g\u00e9nero abarca desde el humor absurdo hasta el <em>standup commedy<\/em>, improvisaci\u00f3n y crowdwork.<\/p>\n\n\n\n<hr class=\"wp-block-separator has-alpha-channel-opacity\"\/>\n\n\n\n<figure class=\"wp-block-table is-style-stripes\"><table><tbody><tr><td>PODCAST<\/td><td>IMAGEN DEL PODCAST<\/td><td>DESCRIPCI\u00d3N  DEL PODCAST<\/td><td><\/td><td>EPISODIO PRESENTADO AL JURADO<\/td><\/tr><tr><td>El Aut\u00e9ntico Podcast<\/td><td><img decoding=\"async\" loading=\"lazy\" width=\"5000\" height=\"5000\" class=\"wp-image-992\" style=\"width: 150px;\" src=\"https:\/\/premios.asociacionpodcast.es\/wp-content\/uploads\/2024\/08\/Logo-Fondo-Circular-Diego-Heble-Ochoa.png\" alt=\"El Aut\u00e9ntico Podcast\" srcset=\"https:\/\/premios.asociacionpodcast.es\/wp-content\/uploads\/2024\/08\/Logo-Fondo-Circular-Diego-Heble-Ochoa.png 5000w, https:\/\/premios.asociacionpodcast.es\/wp-content\/uploads\/2024\/08\/Logo-Fondo-Circular-Diego-Heble-Ochoa-300x300.png 300w, https:\/\/premios.asociacionpodcast.es\/wp-content\/uploads\/2024\/08\/Logo-Fondo-Circular-Diego-Heble-Ochoa-1024x1024.png 1024w, https:\/\/premios.asociacionpodcast.es\/wp-content\/uploads\/2024\/08\/Logo-Fondo-Circular-Diego-Heble-Ochoa-150x150.png 150w, https:\/\/premios.asociacionpodcast.es\/wp-content\/uploads\/2024\/08\/Logo-Fondo-Circular-Diego-Heble-Ochoa-768x768.png 768w, https:\/\/premios.asociacionpodcast.es\/wp-content\/uploads\/2024\/08\/Logo-Fondo-Circular-Diego-Heble-Ochoa-1536x1536.png 1536w, https:\/\/premios.asociacionpodcast.es\/wp-content\/uploads\/2024\/08\/Logo-Fondo-Circular-Diego-Heble-Ochoa-2048x2048.png 2048w\" sizes=\"(max-width: 5000px) 100vw, 5000px\" \/><\/td><td>Adaptamos todo tipo de juegos para formato podcast. El resultado son programas al m\u00e1s puro formato concurso de la TV.<\/td><td><\/td><td><a href=\"https:\/\/www.ivoox.com\/autenticos-naufragos-01-una-isla-muy-desierta-127754-audios-mp3_rf_131766433_1.html\" target=\"_blank\" rel=\"noreferrer noopener\">https:\/\/www.ivoox.com\/autenticos-naufragos-01-una-isla-muy-desierta-127754-audios-mp3_rf_131766433_1.html<\/a><\/td><\/tr><\/tbody><\/table><\/figure>\n\n\n\n<h3 class=\"wp-block-heading\"><strong><strong>Misterio y Cr\u00f3nica Negra y True Crime<\/strong><\/strong><\/h3>\n\n\n\n<hr class=\"wp-block-separator has-alpha-channel-opacity\"\/>\n\n\n\n<figure class=\"wp-block-table is-style-stripes\"><table><tbody><tr><td>PODCAST<\/td><td class=\"has-text-align-center\" data-align=\"center\">IMAGEN DEL PODCAST<\/td><td>DESCRIPCI\u00d3N DEL PODCAST<\/td><td>EPISODIO PRESENTADO AL JURADO<\/td><\/tr><tr><td>Cr\u00f3nica en negro<\/td><td class=\"has-text-align-center\" data-align=\"center\"><img decoding=\"async\" loading=\"lazy\" width=\"2362\" height=\"2362\" class=\"wp-image-1089\" style=\"width: 150px;\" src=\"https:\/\/premios.asociacionpodcast.es\/wp-content\/uploads\/2024\/08\/Cronica-en-negro-onda-logo-twitter-Miguel-Angel-Espada-mespaznar.jpeg\" alt=\"Cr\u00f3nica en negro\" srcset=\"https:\/\/premios.asociacionpodcast.es\/wp-content\/uploads\/2024\/08\/Cronica-en-negro-onda-logo-twitter-Miguel-Angel-Espada-mespaznar.jpeg 2362w, https:\/\/premios.asociacionpodcast.es\/wp-content\/uploads\/2024\/08\/Cronica-en-negro-onda-logo-twitter-Miguel-Angel-Espada-mespaznar-300x300.jpeg 300w, https:\/\/premios.asociacionpodcast.es\/wp-content\/uploads\/2024\/08\/Cronica-en-negro-onda-logo-twitter-Miguel-Angel-Espada-mespaznar-1024x1024.jpeg 1024w, https:\/\/premios.asociacionpodcast.es\/wp-content\/uploads\/2024\/08\/Cronica-en-negro-onda-logo-twitter-Miguel-Angel-Espada-mespaznar-150x150.jpeg 150w, https:\/\/premios.asociacionpodcast.es\/wp-content\/uploads\/2024\/08\/Cronica-en-negro-onda-logo-twitter-Miguel-Angel-Espada-mespaznar-768x768.jpeg 768w, https:\/\/premios.asociacionpodcast.es\/wp-content\/uploads\/2024\/08\/Cronica-en-negro-onda-logo-twitter-Miguel-Angel-Espada-mespaznar-1536x1536.jpeg 1536w, https:\/\/premios.asociacionpodcast.es\/wp-content\/uploads\/2024\/08\/Cronica-en-negro-onda-logo-twitter-Miguel-Angel-Espada-mespaznar-2048x2048.jpeg 2048w\" sizes=\"(max-width: 2362px) 100vw, 2362px\" \/><\/td><td>Una pasi\u00f3n por la investigaci\u00f3n, la recopilaci\u00f3n y el podcasting Cr\u00f3nica en Negro est\u00e1 dedicado a esas historias que con el paso del tiempo toman mas relevancia conforme aparecen mas detalles de esos sucesos. De la mano de Miguel \u00c1ngel Espada llega un podcast de investigaci\u00f3n y documentaci\u00f3n en el cual se relatan los cr\u00edmenes que han marcado a este pa\u00eds.<\/td><td><a href=\"https:\/\/go.ivoox.com\/rf\/125207913\" target=\"_blank\" rel=\"noreferrer noopener\">https:\/\/go.ivoox.com\/rf\/125207913<\/a><\/td><\/tr><\/tbody><\/table><\/figure>\n\n\n\n<h3 class=\"wp-block-heading\"><strong><strong>Ocio y Aficiones<\/strong><\/strong><\/h3>\n\n\n\n<hr class=\"wp-block-separator has-alpha-channel-opacity\"\/>\n\n\n\n<figure class=\"wp-block-table is-style-stripes\"><table><tbody><tr><td>PODCAST<\/td><td>IMAGEN DEL PODCAST<\/td><td>DESCRIPCI\u00d3N<\/td><td>EPISODIO PRESENTADO AL JURADO<\/td><\/tr><tr><td>\u00a1A la Velocidad Absurda!<\/td><td><img decoding=\"async\" loading=\"lazy\" width=\"300\" height=\"300\" class=\"wp-image-435\" style=\"width: 150px;\" src=\"https:\/\/premios.asociacionpodcast.es\/wp-content\/uploads\/2023\/07\/Podcast-A-Velocidad-Absurda.jpg\" alt=\"Podcast-A-la Velocidad-Absurda\" srcset=\"https:\/\/premios.asociacionpodcast.es\/wp-content\/uploads\/2023\/07\/Podcast-A-Velocidad-Absurda.jpg 300w, https:\/\/premios.asociacionpodcast.es\/wp-content\/uploads\/2023\/07\/Podcast-A-Velocidad-Absurda-150x150.jpg 150w\" sizes=\"(max-width: 300px) 100vw, 300px\" \/><\/td><td>Podcast de cine en el que cuatro inconscientes debatimos acerca de una o varias pel\u00edculas m\u00edticas o que nos han marcado en tono desenfadado, con humor y poco rigor. Adem\u00e1s, noticias, recomendaciones de ocio y, si hay suerte, ranking.<\/td><td><a href=\"https:\/\/go.ivoox.com\/rf\/118007195\" target=\"_blank\" rel=\"noreferrer noopener\">https:\/\/go.ivoox.com\/rf\/118007195<\/a><\/td><\/tr><\/tbody><\/table><\/figure>\n\n\n\n<h3 class=\"wp-block-heading\"><strong><strong>Salud y Deporte<\/strong><\/strong><\/h3>\n\n\n\n<hr class=\"wp-block-separator has-alpha-channel-opacity\"\/>\n\n\n\n<figure class=\"wp-block-table is-style-stripes\"><table><tbody><tr><td>PODCAST<\/td><td>IMAGEN DEL PODCAST<\/td><td>DESCRIPCI\u00d3N DEL PODCAST<\/td><td>EPISODIO PRESENTADO AL JURADO<\/td><\/tr><tr><td>La Canastilla de Mam\u00e1<\/td><td><img decoding=\"async\" loading=\"lazy\" width=\"1496\" height=\"1496\" class=\"wp-image-978\" style=\"width: 150px;\" src=\"https:\/\/premios.asociacionpodcast.es\/wp-content\/uploads\/2024\/08\/1.conletrastodasplataformas-Canastilla-Canastilla.jpg\" alt=\"La Canastilla de Mam\u00e1\" srcset=\"https:\/\/premios.asociacionpodcast.es\/wp-content\/uploads\/2024\/08\/1.conletrastodasplataformas-Canastilla-Canastilla.jpg 1496w, https:\/\/premios.asociacionpodcast.es\/wp-content\/uploads\/2024\/08\/1.conletrastodasplataformas-Canastilla-Canastilla-300x300.jpg 300w, https:\/\/premios.asociacionpodcast.es\/wp-content\/uploads\/2024\/08\/1.conletrastodasplataformas-Canastilla-Canastilla-1024x1024.jpg 1024w, https:\/\/premios.asociacionpodcast.es\/wp-content\/uploads\/2024\/08\/1.conletrastodasplataformas-Canastilla-Canastilla-150x150.jpg 150w, https:\/\/premios.asociacionpodcast.es\/wp-content\/uploads\/2024\/08\/1.conletrastodasplataformas-Canastilla-Canastilla-768x768.jpg 768w\" sizes=\"(max-width: 1496px) 100vw, 1496px\" \/><\/td><td>Maternidad, salud y educaci\u00f3n en episodios de unos veinte minutos.<\/td><td><a href=\"https:\/\/www.ivoox.com\/ep-109-como-crear-espacios-seguros-el-audios-mp3_rf_128021826_1.html\" target=\"_blank\" rel=\"noreferrer noopener\">https:\/\/www.ivoox.com\/ep-109-como-crear-espacios-seguros-el-audios-mp3_rf_128021826_1.html<\/a><\/td><\/tr><\/tbody><\/table><\/figure>\n\n\n\n<h3 class=\"wp-block-heading\"><strong><strong>Tecnolog\u00eda y Marketing<\/strong><\/strong><\/h3>\n\n\n\n<hr class=\"wp-block-separator has-alpha-channel-opacity\"\/>\n\n\n\n<figure class=\"wp-block-table is-style-stripes\"><table><tbody><tr><td>PODCAST<\/td><td>IMAGEN DEL PODCAST<\/td><td>DESCRIPCI\u00d3N DEL PODCAST<\/td><td>EPISODIO PRESENTADO AL JURADO<\/td><\/tr><tr><td>SAYONARA TECNO<\/td><td><img decoding=\"async\" loading=\"lazy\" width=\"350\" height=\"350\" class=\"wp-image-959\" style=\"width: 150px;\" src=\"https:\/\/premios.asociacionpodcast.es\/wp-content\/uploads\/2024\/08\/logo-tecno-Sayonara-Baby.jpg\" alt=\"Sayonara Baby Techno\" srcset=\"https:\/\/premios.asociacionpodcast.es\/wp-content\/uploads\/2024\/08\/logo-tecno-Sayonara-Baby.jpg 350w, https:\/\/premios.asociacionpodcast.es\/wp-content\/uploads\/2024\/08\/logo-tecno-Sayonara-Baby-300x300.jpg 300w, https:\/\/premios.asociacionpodcast.es\/wp-content\/uploads\/2024\/08\/logo-tecno-Sayonara-Baby-150x150.jpg 150w\" sizes=\"(max-width: 350px) 100vw, 350px\" \/><\/td><td>P\u00edldoras de tecnolog\u00eda, ocio y opini\u00f3n con Toni. 10 minutos casi todos los d\u00edas para adentrarnos en el universo tecnol\u00f3gico que nos rodea. Un vistazo de actualidad, retro y futuro. Spinoff de SAYONARA BABY<\/td><td><a href=\"https:\/\/www.ivoox.com\/pajaporte-digital-porno-privacidad-audios-mp3_rf_131159437_1.html\" target=\"_blank\" rel=\"noreferrer noopener\">https:\/\/www.ivoox.com\/pajaporte-digital-porno-privacidad-audios-mp3_rf_131159437_1.html<\/a><\/td><\/tr><\/tbody><\/table><\/figure>\n\n\n\n<h3 class=\"wp-block-heading\"><strong>Podcast Revelaci\u00f3n<\/strong><\/h3>\n\n\n\n<hr class=\"wp-block-separator has-alpha-channel-opacity\"\/>\n\n\n\n<figure class=\"wp-block-table is-style-stripes\"><table style=\"border-style:none;border-width:0px\"><tbody><tr><td>PODCAST<\/td><td>IMAGEN DEL PODCAST<\/td><td>DESCRIPCI\u00d3N DEL PODCAST<\/td><td>EPISODIO PRESENTADO AL JURADO<\/td><\/tr><tr><td>SAYONARA DELUXE<\/td><td><img decoding=\"async\" loading=\"lazy\" width=\"300\" height=\"300\" class=\"wp-image-961\" style=\"width: 150px;\" src=\"https:\/\/premios.asociacionpodcast.es\/wp-content\/uploads\/2024\/08\/logo-deluxe-300-Sayonara-Baby.jpg\" alt=\"SAYONARA DELUXE\" srcset=\"https:\/\/premios.asociacionpodcast.es\/wp-content\/uploads\/2024\/08\/logo-deluxe-300-Sayonara-Baby.jpg 300w, https:\/\/premios.asociacionpodcast.es\/wp-content\/uploads\/2024\/08\/logo-deluxe-300-Sayonara-Baby-150x150.jpg 150w\" sizes=\"(max-width: 300px) 100vw, 300px\" \/><\/td><td>Podcast de variedades donde se expondr\u00e1n 3 o 4 temas muy diversos y se debatir\u00e1 cada uno de ellos con puntos de vista muy diferentes. 60 minutos extremos de opini\u00f3n, diversi\u00f3n y entretenimiento (sin censura)<\/td><td><a rel=\"noreferrer noopener\" href=\"https:\/\/go.ivoox.com\/rf\/130591203\" target=\"_blank\">https:\/\/go.ivoox.com\/rf\/130591203<\/a><\/td><\/tr><\/tbody><\/table><\/figure>\n\n\n\n<h3 class=\"wp-block-heading\"><strong>Ganador Podcast Absoluto<\/strong><\/h3>\n\n\n\n<figure class=\"wp-block-table is-style-stripes\"><table style=\"border-style:none;border-width:0px\"><tbody><tr><td>PODCAST<\/td><td>IMAGEN DEL PODCAST<\/td><td>DESCRIPCI\u00d3N DEL PODCAST<\/td><td>EPISODIO PRESENTADO AL JURADO<\/td><\/tr><tr><td>El Aut\u00e9ntico Podcast<\/td><td><img decoding=\"async\" loading=\"lazy\" width=\"5000\" height=\"5000\" class=\"wp-image-1230\" style=\"width: 150px;\" src=\"https:\/\/premios.asociacionpodcast.es\/wp-content\/uploads\/2024\/10\/Logo-Fondo-Circular-Diego-Heble-Ochoa.png\" alt=\"\" srcset=\"https:\/\/premios.asociacionpodcast.es\/wp-content\/uploads\/2024\/10\/Logo-Fondo-Circular-Diego-Heble-Ochoa.png 5000w, https:\/\/premios.asociacionpodcast.es\/wp-content\/uploads\/2024\/10\/Logo-Fondo-Circular-Diego-Heble-Ochoa-300x300.png 300w, https:\/\/premios.asociacionpodcast.es\/wp-content\/uploads\/2024\/10\/Logo-Fondo-Circular-Diego-Heble-Ochoa-1024x1024.png 1024w, https:\/\/premios.asociacionpodcast.es\/wp-content\/uploads\/2024\/10\/Logo-Fondo-Circular-Diego-Heble-Ochoa-150x150.png 150w, https:\/\/premios.asociacionpodcast.es\/wp-content\/uploads\/2024\/10\/Logo-Fondo-Circular-Diego-Heble-Ochoa-768x768.png 768w, https:\/\/premios.asociacionpodcast.es\/wp-content\/uploads\/2024\/10\/Logo-Fondo-Circular-Diego-Heble-Ochoa-1536x1536.png 1536w, https:\/\/premios.asociacionpodcast.es\/wp-content\/uploads\/2024\/10\/Logo-Fondo-Circular-Diego-Heble-Ochoa-2048x2048.png 2048w\" sizes=\"(max-width: 5000px) 100vw, 5000px\" \/><\/td><td>Adaptamos todo tipo de juegos para formato podcast. El resultado son programas al m\u00e1s puro formato concurso de la TV.<\/td><td><a rel=\"noreferrer noopener\" href=\"https:\/\/www.ivoox.com\/autenticos-naufragos-01-una-isla-muy-desierta-127754-audios-mp3_rf_131766433_1.html\" target=\"_blank\">https:\/\/www.ivoox.com\/autenticos-naufragos-01-una-isla-muy-desierta-127754-audios-mp3_rf_131766433_1.html<\/a><\/td><\/tr><\/tbody><\/table><\/figure>\n","protected":false},"excerpt":{"rendered":"<p>Estos son los podcast premiados en la Edici\u00f3n XIV de los Premios de la Asociaci\u00f3n Podcast de Espa\u00f1a: Actualidad o Sociedad PODCAST IMAGEN DEL PODCAST DESCRIPCI\u00d3N DEL PODCAST EPISODIO PRESENTADO AL JURADO Frente al cliente Las vivencias de un camarero en su d\u00eda a d\u00eda y otras cosillas, para camareros, dependientes, meseros, cajeros&#8230;. Y sobre&hellip;&nbsp;<a href=\"https:\/\/premios.asociacionpodcast.es\/index.php\/ganadores-jpod-2024\/\" rel=\"bookmark\">Leer m\u00e1s &raquo;<span class=\"screen-reader-text\">GANADORES JPOD 2024<\/span><\/a><\/p>\n","protected":false},"author":1,"featured_media":0,"parent":0,"menu_order":0,"comment_status":"closed","ping_status":"closed","template":"","meta":{"neve_meta_sidebar":"","neve_meta_container":"","neve_meta_enable_content_width":"","neve_meta_content_width":0,"neve_meta_title_alignment":"","neve_meta_author_avatar":"","neve_post_elements_order":"","neve_meta_disable_header":"","neve_meta_disable_footer":"","neve_meta_disable_title":"","footnotes":""},"_links":{"self":[{"href":"https:\/\/premios.asociacionpodcast.es\/index.php\/wp-json\/wp\/v2\/pages\/1229"}],"collection":[{"href":"https:\/\/premios.asociacionpodcast.es\/index.php\/wp-json\/wp\/v2\/pages"}],"about":[{"href":"https:\/\/premios.asociacionpodcast.es\/index.php\/wp-json\/wp\/v2\/types\/page"}],"author":[{"embeddable":true,"href":"https:\/\/premios.asociacionpodcast.es\/index.php\/wp-json\/wp\/v2\/users\/1"}],"replies":[{"embeddable":true,"href":"https:\/\/premios.asociacionpodcast.es\/index.php\/wp-json\/wp\/v2\/comments?post=1229"}],"version-history":[{"count":1,"href":"https:\/\/premios.asociacionpodcast.es\/index.php\/wp-json\/wp\/v2\/pages\/1229\/revisions"}],"predecessor-version":[{"id":1231,"href":"https:\/\/premios.asociacionpodcast.es\/index.php\/wp-json\/wp\/v2\/pages\/1229\/revisions\/1231"}],"wp:attachment":[{"href":"https:\/\/premios.asociacionpodcast.es\/index.php\/wp-json\/wp\/v2\/media?parent=1229"}],"curies":[{"name":"wp","href":"https:\/\/api.w.org\/{rel}","templated":true}]}}